{"id":266,"date":"2020-07-11T15:24:39","date_gmt":"2020-07-11T15:24:39","guid":{"rendered":"http:\/\/www.norfi.fi\/kauppa\/?post_type=product&#038;p=266"},"modified":"2020-10-02T17:36:37","modified_gmt":"2020-10-02T17:36:37","slug":"norfi-perhonen-w2","status":"publish","type":"product","link":"https:\/\/www.norfi.fi\/kauppa\/product\/norfi-perhonen-w2\/","title":{"rendered":"NORFI PERHONEN W2"},"content":{"rendered":"<p><strong>Tasainen voiman jakautuminen<br \/>\nKiristin ei taivu poisp\u00e4in kiristett\u00e4ess\u00e4<br \/>\nPy\u00f6ristetyt reunat ehk\u00e4isee vammoja ja letkun vaurioita<br \/>\nLetkuside, side\/nauha: Ruostumaton ter\u00e4s  materiaali.<\/p>\n<p>K\u00e4ytt\u00f6alue<br \/>\nYleinen kiinnitys letkun<\/p>\n","protected":false},"excerpt":{"rendered":"<p>Tasainen voiman jakautuminen Kiristin ei taivu poisp\u00e4in kiristett\u00e4ess\u00e4 Py\u00f6ristetyt reunat ehk\u00e4isee vammoja ja letkun vaurioita Letkuside, side\/nauha: Ruostumaton ter\u00e4s materiaali. K\u00e4ytt\u00f6alue Yleinen kiinnitys letkun<\/p>\n","protected":false},"featured_media":84,"comment_status":"open","ping_status":"closed","template":"","meta":[],"_links":{"self":[{"href":"https:\/\/www.norfi.fi\/kauppa\/wp-json\/wp\/v2\/product\/266"}],"collection":[{"href":"https:\/\/www.norfi.fi\/kauppa\/wp-json\/wp\/v2\/product"}],"about":[{"href":"https:\/\/www.norfi.fi\/kauppa\/wp-json\/wp\/v2\/types\/product"}],"replies":[{"embeddable":true,"href":"https:\/\/www.norfi.fi\/kauppa\/wp-json\/wp\/v2\/comments?post=266"}],"wp:featuredmedia":[{"embeddable":true,"href":"https:\/\/www.norfi.fi\/kauppa\/wp-json\/wp\/v2\/media\/84"}],"wp:attachment":[{"href":"https:\/\/www.norfi.fi\/kauppa\/wp-json\/wp\/v2\/media?parent=266"}],"curies":[{"name":"wp","href":"https:\/\/api.w.org\/{rel}","templated":true}]}}